{"id":22853,"date":"2019-07-01T12:47:34","date_gmt":"2019-07-01T16:47:34","guid":{"rendered":"https:\/\/diseno.uc.cl\/new\/?page_id=22853"},"modified":"2019-07-01T12:47:34","modified_gmt":"2019-07-01T16:47:34","slug":"diseno-cultura-y-tecnologias-textiles-2","status":"publish","type":"page","link":"https:\/\/diseno.uc.cl\/english\/research-development-and-transfer\/rdt-areas\/diseno-cultura-y-tecnologias-textiles-2\/","title":{"rendered":"Dise\u00f1o, cultura y tecnolog\u00edas textiles"},"content":{"rendered":"\n<figure class=\"wp-block-image\"><img decoding=\"async\" src=\"https:\/\/diseno.uc.cl\/new\/wp-content\/uploads\/2019\/07\/Diseno-tecnologias-textiles-1000x400-992x397.jpg\" alt=\"\" class=\"wp-image-22879\"\/><\/figure>\n\n\n\n<h4 class=\"wp-block-heading\">Campo del dise\u00f1o de larga data en nuestra unidad acad\u00e9mica, dedicado a la promoci\u00f3n de la investigaci\u00f3n en torno a los materiales, las t\u00e9cnicas y la significaci\u00f3n cultural de piezas textiles.<\/h4>\n\n\n\n<p>La investigaci\u00f3n se desarrolla en torno a determinadas comunidades y culturas con el fin de poner en valor el patrimonio y levantar informaci\u00f3n espec\u00edfica sobre el textil chileno y sudamericano. <\/p>\n\n\n\n<p>Las \u00faltimas investigaciones se han centrado en las t\u00e9cnicas, c\u00f3digos crom\u00e1ticos de piezas textiles andinas e incaicas y en la historia, t\u00e9cnicas y usos de los objetos textiles de fibra vegetal pascuenses. <\/p>\n\n\n\n<p><\/p>\n","protected":false},"excerpt":{"rendered":"<p>Campo del dise\u00f1o de larga data en nuestra unidad acad\u00e9mica, dedicado a la promoci\u00f3n de la investigaci\u00f3n en torno a los materiales, las t\u00e9cnicas y la significaci\u00f3n cultural de piezas textiles. La investigaci\u00f3n se desarrolla en torno a determinadas comunidades y culturas con el fin de poner en valor el patrimonio y levantar informaci\u00f3n espec\u00edfica [&hellip;]<\/p>\n","protected":false},"author":1,"featured_media":22879,"parent":21310,"menu_order":12,"comment_status":"closed","ping_status":"closed","template":"pages-idt.php","meta":{"footnotes":""},"class_list":["post-22853","page","type-page","status-publish","has-post-thumbnail","hentry"],"_links":{"self":[{"href":"https:\/\/diseno.uc.cl\/english\/wp-json\/wp\/v2\/pages\/22853","targetHints":{"allow":["GET"]}}],"collection":[{"href":"https:\/\/diseno.uc.cl\/english\/wp-json\/wp\/v2\/pages"}],"about":[{"href":"https:\/\/diseno.uc.cl\/english\/wp-json\/wp\/v2\/types\/page"}],"author":[{"embeddable":true,"href":"https:\/\/diseno.uc.cl\/english\/wp-json\/wp\/v2\/users\/1"}],"replies":[{"embeddable":true,"href":"https:\/\/diseno.uc.cl\/english\/wp-json\/wp\/v2\/comments?post=22853"}],"version-history":[{"count":0,"href":"https:\/\/diseno.uc.cl\/english\/wp-json\/wp\/v2\/pages\/22853\/revisions"}],"up":[{"embeddable":true,"href":"https:\/\/diseno.uc.cl\/english\/wp-json\/wp\/v2\/pages\/21310"}],"wp:featuredmedia":[{"embeddable":true,"href":"https:\/\/diseno.uc.cl\/english\/wp-json\/"}],"wp:attachment":[{"href":"https:\/\/diseno.uc.cl\/english\/wp-json\/wp\/v2\/media?parent=22853"}],"curies":[{"name":"wp","href":"https:\/\/api.w.org\/{rel}","templated":true}]}}