{"id":21403,"date":"2019-06-10T19:17:53","date_gmt":"2019-06-10T23:17:53","guid":{"rendered":"http:\/\/localhost:8888\/wordpress\/?page_id=21403"},"modified":"2020-08-27T19:14:28","modified_gmt":"2020-08-27T23:14:28","slug":"contact-us","status":"publish","type":"page","link":"https:\/\/diseno.uc.cl\/english\/outreach-and-communications\/contact-us\/","title":{"rendered":"Contact us"},"content":{"rendered":"\n<figure class=\"wp-block-image size-large\"><img decoding=\"async\" src=\"https:\/\/diseno.uc.cl\/new\/wp-content\/uploads\/2020\/05\/edificio-escuela-diseno-02-1000x400-1-992x397.jpg\" alt=\"\" class=\"wp-image-26889\"\/><\/figure>\n\n\n\n<p>La Escuela entiende el dise\u00f1o como una actividad creativa y de producci\u00f3n al servicio de los dem\u00e1s, centrada en la interacci\u00f3n entre el ser humano y su entorno. Su proyecto educativo se orienta a desarrollar el pensamiento interdisciplinario y humanista en sus estudiantes, promoviendo su esp\u00edritu cr\u00edtico e innovador, contribuyendo al desarrollo y beneficio social.<\/p>\n\n\n\n<p>Tel: +56 2 3545534<br>E-mail:\u00a0<a rel=\"noreferrer noopener\" href=\"mailto:edisenouc@gmail.com\" target=\"_blank\">edisenouc@gmail.com<\/a><br>Direcci\u00f3n: Los Navegantes 1919, Providencia.<br>Santiago de Chile.<\/p>\n","protected":false},"excerpt":{"rendered":"<p>La Escuela entiende el dise\u00f1o como una actividad creativa y de producci\u00f3n al servicio de los dem\u00e1s, centrada en la interacci\u00f3n entre el ser humano y su entorno. Su proyecto educativo se orienta a desarrollar el pensamiento interdisciplinario y humanista en sus estudiantes, promoviendo su esp\u00edritu cr\u00edtico e innovador, contribuyendo al desarrollo y beneficio social. [&hellip;]<\/p>\n","protected":false},"author":1,"featured_media":0,"parent":20803,"menu_order":1,"comment_status":"closed","ping_status":"closed","template":"","meta":{"footnotes":""},"class_list":["post-21403","page","type-page","status-publish","hentry"],"_links":{"self":[{"href":"https:\/\/diseno.uc.cl\/english\/wp-json\/wp\/v2\/pages\/21403","targetHints":{"allow":["GET"]}}],"collection":[{"href":"https:\/\/diseno.uc.cl\/english\/wp-json\/wp\/v2\/pages"}],"about":[{"href":"https:\/\/diseno.uc.cl\/english\/wp-json\/wp\/v2\/types\/page"}],"author":[{"embeddable":true,"href":"https:\/\/diseno.uc.cl\/english\/wp-json\/wp\/v2\/users\/1"}],"replies":[{"embeddable":true,"href":"https:\/\/diseno.uc.cl\/english\/wp-json\/wp\/v2\/comments?post=21403"}],"version-history":[{"count":1,"href":"https:\/\/diseno.uc.cl\/english\/wp-json\/wp\/v2\/pages\/21403\/revisions"}],"predecessor-version":[{"id":27540,"href":"https:\/\/diseno.uc.cl\/english\/wp-json\/wp\/v2\/pages\/21403\/revisions\/27540"}],"up":[{"embeddable":true,"href":"https:\/\/diseno.uc.cl\/english\/wp-json\/wp\/v2\/pages\/20803"}],"wp:attachment":[{"href":"https:\/\/diseno.uc.cl\/english\/wp-json\/wp\/v2\/media?parent=21403"}],"curies":[{"name":"wp","href":"https:\/\/api.w.org\/{rel}","templated":true}]}}