{"id":21387,"date":"2019-06-10T17:45:27","date_gmt":"2019-06-10T21:45:27","guid":{"rendered":"http:\/\/localhost:8888\/wordpress\/?page_id=21387"},"modified":"2019-06-10T17:45:27","modified_gmt":"2019-06-10T21:45:27","slug":"fabricacion-digital","status":"publish","type":"page","link":"https:\/\/diseno.uc.cl\/english\/research-development-and-transfer\/rdt-areas\/fabricacion-digital\/","title":{"rendered":"Fabricaci\u00f3n digital"},"content":{"rendered":"\n<figure class=\"wp-block-image\"><img decoding=\"async\" src=\"https:\/\/diseno.uc.cl\/new\/wp-content\/uploads\/2019\/07\/linea-investigacion-tomas-vivanco-1000x400-992x397.jpg\" alt=\"\" class=\"wp-image-22882\"\/><\/figure>\n\n\n\n<h4 class=\"wp-block-heading\">La Fabricaci\u00f3n Digital es considerada un medio que permite explorar nuevas formas, sistemas de prototipado y procesos productivos, abarcando desde la escala de los dispositivos electr\u00f3nicos hasta el de espacios y equipamiento.<\/h4>\n\n\n\n<p>El rol que hoy cumple la Fabricaci\u00f3n Digital en planes estrat\u00e9gicos como la Industria Inteligente, Manufactura Distribuida, Fabricaci\u00f3n Personal y Personalizada, e incluso Ciudades Inteligentes, la enmarcan estrat\u00e9gicamente dentro de una transformaci\u00f3n socio-tecno-cultural clave para el desarrollo de la sociedad actual en distintos planos.<\/p>\n\n\n\n<p>Vinculada al Fabhaus (Laboratorio de Fabricaci\u00f3n Digital de la Facultad), esta l\u00ednea tiene por objetivo articular distintas aproximaciones tem\u00e1ticas y metodol\u00f3gicas por medio de cursos en distintos niveles (pregrado, posgrado y\/o formaci\u00f3n continua), investigaciones y desarrollo de proyectos I+D+i.<\/p>\n","protected":false},"excerpt":{"rendered":"<p>La Fabricaci\u00f3n Digital es considerada un medio que permite explorar nuevas formas, sistemas de prototipado y procesos productivos, abarcando desde la escala de los dispositivos electr\u00f3nicos hasta el de espacios y equipamiento. El rol que hoy cumple la Fabricaci\u00f3n Digital en planes estrat\u00e9gicos como la Industria Inteligente, Manufactura Distribuida, Fabricaci\u00f3n Personal y Personalizada, e incluso [&hellip;]<\/p>\n","protected":false},"author":1,"featured_media":22882,"parent":21310,"menu_order":13,"comment_status":"closed","ping_status":"closed","template":"pages-idt.php","meta":{"footnotes":""},"class_list":["post-21387","page","type-page","status-publish","has-post-thumbnail","hentry"],"_links":{"self":[{"href":"https:\/\/diseno.uc.cl\/english\/wp-json\/wp\/v2\/pages\/21387","targetHints":{"allow":["GET"]}}],"collection":[{"href":"https:\/\/diseno.uc.cl\/english\/wp-json\/wp\/v2\/pages"}],"about":[{"href":"https:\/\/diseno.uc.cl\/english\/wp-json\/wp\/v2\/types\/page"}],"author":[{"embeddable":true,"href":"https:\/\/diseno.uc.cl\/english\/wp-json\/wp\/v2\/users\/1"}],"replies":[{"embeddable":true,"href":"https:\/\/diseno.uc.cl\/english\/wp-json\/wp\/v2\/comments?post=21387"}],"version-history":[{"count":0,"href":"https:\/\/diseno.uc.cl\/english\/wp-json\/wp\/v2\/pages\/21387\/revisions"}],"up":[{"embeddable":true,"href":"https:\/\/diseno.uc.cl\/english\/wp-json\/wp\/v2\/pages\/21310"}],"wp:featuredmedia":[{"embeddable":true,"href":"https:\/\/diseno.uc.cl\/english\/wp-json\/"}],"wp:attachment":[{"href":"https:\/\/diseno.uc.cl\/english\/wp-json\/wp\/v2\/media?parent=21387"}],"curies":[{"name":"wp","href":"https:\/\/api.w.org\/{rel}","templated":true}]}}