{"id":21385,"date":"2019-06-10T17:45:10","date_gmt":"2019-06-10T21:45:10","guid":{"rendered":"http:\/\/localhost:8888\/wordpress\/?page_id=21385"},"modified":"2019-06-10T17:45:10","modified_gmt":"2019-06-10T21:45:10","slug":"diseno-y-estudios-de-color","status":"publish","type":"page","link":"https:\/\/diseno.uc.cl\/english\/research-development-and-transfer\/rdt-areas\/diseno-y-estudios-de-color\/","title":{"rendered":"Dise\u00f1o y estudios de color"},"content":{"rendered":"\n<figure class=\"wp-block-image\"><img decoding=\"async\" src=\"https:\/\/diseno.uc.cl\/new\/wp-content\/uploads\/2019\/06\/color-1-992x397.jpg\" alt=\"\" class=\"wp-image-22333\"\/><\/figure>\n\n\n\n<h4 class=\"wp-block-heading\">En este \u00e1mbito se desarrollan proyectos, cursos y eventos acad\u00e9micos que abordan temas relacionados al color en las ciencias, las humanidades, las artes y la t\u00e9cnica, en vinculaci\u00f3n con diversas entidades educacionales, profesionales, comerciales e industriales. <\/h4>\n\n\n\n<p>Posee un car\u00e1cter con perspectiva interdisciplinar, lo que ha generado proyectos en alianza con diversas facultades de la universidad, como Medicina e investigaciones vinculadas a temas como c\u00f3digos crom\u00e1ticos en textiles y la comunicaci\u00f3n de contenidos culturales a trav\u00e9s de formas estructuradas en base al color. Asimismo, esta \u00e1rea ha logrado constituir un Centro de Estudios del Color, que posee reconocimiento de la Asociaci\u00f3n Chilena del Color y la Asociaci\u00f3n Internacional del Color (AIC), lo que la hace pertenecer a una red de agrupaciones del color en 26 pa\u00edses del mundo.<\/p>\n","protected":false},"excerpt":{"rendered":"<p>En este \u00e1mbito se desarrollan proyectos, cursos y eventos acad\u00e9micos que abordan temas relacionados al color en las ciencias, las humanidades, las artes y la t\u00e9cnica, en vinculaci\u00f3n con diversas entidades educacionales, profesionales, comerciales e industriales. Posee un car\u00e1cter con perspectiva interdisciplinar, lo que ha generado proyectos en alianza con diversas facultades de la universidad, [&hellip;]<\/p>\n","protected":false},"author":1,"featured_media":22333,"parent":21310,"menu_order":11,"comment_status":"closed","ping_status":"closed","template":"pages-idt.php","meta":{"footnotes":""},"class_list":["post-21385","page","type-page","status-publish","has-post-thumbnail","hentry"],"_links":{"self":[{"href":"https:\/\/diseno.uc.cl\/english\/wp-json\/wp\/v2\/pages\/21385","targetHints":{"allow":["GET"]}}],"collection":[{"href":"https:\/\/diseno.uc.cl\/english\/wp-json\/wp\/v2\/pages"}],"about":[{"href":"https:\/\/diseno.uc.cl\/english\/wp-json\/wp\/v2\/types\/page"}],"author":[{"embeddable":true,"href":"https:\/\/diseno.uc.cl\/english\/wp-json\/wp\/v2\/users\/1"}],"replies":[{"embeddable":true,"href":"https:\/\/diseno.uc.cl\/english\/wp-json\/wp\/v2\/comments?post=21385"}],"version-history":[{"count":0,"href":"https:\/\/diseno.uc.cl\/english\/wp-json\/wp\/v2\/pages\/21385\/revisions"}],"up":[{"embeddable":true,"href":"https:\/\/diseno.uc.cl\/english\/wp-json\/wp\/v2\/pages\/21310"}],"wp:featuredmedia":[{"embeddable":true,"href":"https:\/\/diseno.uc.cl\/english\/wp-json\/"}],"wp:attachment":[{"href":"https:\/\/diseno.uc.cl\/english\/wp-json\/wp\/v2\/media?parent=21385"}],"curies":[{"name":"wp","href":"https:\/\/api.w.org\/{rel}","templated":true}]}}