{"id":21381,"date":"2019-06-10T17:44:36","date_gmt":"2019-06-10T21:44:36","guid":{"rendered":"http:\/\/localhost:8888\/wordpress\/?page_id=21381"},"modified":"2019-06-10T17:44:36","modified_gmt":"2019-06-10T21:44:36","slug":"diseno-para-la-educacion","status":"publish","type":"page","link":"https:\/\/diseno.uc.cl\/english\/research-development-and-transfer\/rdt-areas\/diseno-para-la-educacion\/","title":{"rendered":"Dise\u00f1o para la educaci\u00f3n"},"content":{"rendered":"\n<figure class=\"wp-block-image\"><img decoding=\"async\" src=\"https:\/\/diseno.uc.cl\/new\/wp-content\/uploads\/2019\/07\/pedag\u00f3gicamente-intencionado-1000x400-992x397.jpg\" alt=\"\" class=\"wp-image-22877\"\/><\/figure>\n\n\n\n<h4 class=\"wp-block-heading\">\u00c1rea de especialidad con una fuerte orientaci\u00f3n interdisciplinar que se abre hacia la investigaci\u00f3n aplicada a partir de las necesidades y oportunidades detectadas en el medio. <\/h4>\n\n\n\n<p>Esta \u00e1rea centra su quehacer en la inserci\u00f3n del dise\u00f1o en el \u00e1mbito educativo y el impacto que el mejoramiento de ambientes, interfaces, productos y servicios pueden tener en el proceso de ense\u00f1anza- aprendizaje. <\/p>\n\n\n\n<p>Se vincula principalmente con entidades de orden estatal y p\u00fablico en \u00e1mbitos de la educaci\u00f3n y bienestar, donde el dise\u00f1o con responsabilidad social impacta en v\u00edas a una mayor equidad.<\/p>\n\n\n\n<p>Los primeros estudios se inician en el a\u00f1o 2009 a partir de un convenio con Fosis_Mideplan_Chile Crece Contigo para el desarrollo de materiales de acompa\u00f1amiento a las madres gestantes, bienestar de los ni\u00f1os y ni\u00f1as, apego seguro y estimulaci\u00f3n temprana. Le sigue un FONDEF IDeA de orden interdisciplinar en temas relativos al modelamiento del ambiente f\u00edsico de aprendizaje (MAFA) en la educaci\u00f3n parvularia p\u00fablica.<\/p>\n\n\n\n<p>Entre sus m\u00e1s recientes proyectos destaca el convenio que retoma el di\u00e1logo con la familia del reci\u00e9n nacido en el redise\u00f1o del packaging del Programa de apoyo al reci\u00e9n nacido (PARN) entregado por el Programa Chile Crece Contigo. Asimismo el equipo de investigadores se adjudic\u00f3 un nuevo financiamiento del Programa IdeA FONDEF con el objeto de avanzar en la investigaci\u00f3n y transferencia del Sistema MAFA al sector p\u00fablico y procurar mejorar la calidad de a educaci\u00f3n parvularia a partir de resultados de aprendizaje de los p\u00e1rvulos.<\/p>\n","protected":false},"excerpt":{"rendered":"<p>\u00c1rea de especialidad con una fuerte orientaci\u00f3n interdisciplinar que se abre hacia la investigaci\u00f3n aplicada a partir de las necesidades y oportunidades detectadas en el medio. Esta \u00e1rea centra su quehacer en la inserci\u00f3n del dise\u00f1o en el \u00e1mbito educativo y el impacto que el mejoramiento de ambientes, interfaces, productos y servicios pueden tener en [&hellip;]<\/p>\n","protected":false},"author":1,"featured_media":22877,"parent":21310,"menu_order":8,"comment_status":"closed","ping_status":"closed","template":"pages-idt.php","meta":{"footnotes":""},"class_list":["post-21381","page","type-page","status-publish","has-post-thumbnail","hentry"],"_links":{"self":[{"href":"https:\/\/diseno.uc.cl\/english\/wp-json\/wp\/v2\/pages\/21381","targetHints":{"allow":["GET"]}}],"collection":[{"href":"https:\/\/diseno.uc.cl\/english\/wp-json\/wp\/v2\/pages"}],"about":[{"href":"https:\/\/diseno.uc.cl\/english\/wp-json\/wp\/v2\/types\/page"}],"author":[{"embeddable":true,"href":"https:\/\/diseno.uc.cl\/english\/wp-json\/wp\/v2\/users\/1"}],"replies":[{"embeddable":true,"href":"https:\/\/diseno.uc.cl\/english\/wp-json\/wp\/v2\/comments?post=21381"}],"version-history":[{"count":0,"href":"https:\/\/diseno.uc.cl\/english\/wp-json\/wp\/v2\/pages\/21381\/revisions"}],"up":[{"embeddable":true,"href":"https:\/\/diseno.uc.cl\/english\/wp-json\/wp\/v2\/pages\/21310"}],"wp:featuredmedia":[{"embeddable":true,"href":"https:\/\/diseno.uc.cl\/english\/wp-json\/"}],"wp:attachment":[{"href":"https:\/\/diseno.uc.cl\/english\/wp-json\/wp\/v2\/media?parent=21381"}],"curies":[{"name":"wp","href":"https:\/\/api.w.org\/{rel}","templated":true}]}}