{"id":21379,"date":"2019-06-10T17:44:20","date_gmt":"2019-06-10T21:44:20","guid":{"rendered":"http:\/\/localhost:8888\/wordpress\/?page_id=21379"},"modified":"2019-06-10T17:44:20","modified_gmt":"2019-06-10T21:44:20","slug":"diseno-de-interaccion-e-interfaces","status":"publish","type":"page","link":"https:\/\/diseno.uc.cl\/english\/research-development-and-transfer\/rdt-areas\/diseno-de-interaccion-e-interfaces\/","title":{"rendered":"Dise\u00f1o de interacci\u00f3n e interfaces"},"content":{"rendered":"\n<figure class=\"wp-block-image\"><img decoding=\"async\" src=\"https:\/\/diseno.uc.cl\/new\/wp-content\/uploads\/2019\/06\/2adp020-1000x400-992x397.jpg\" alt=\"\" class=\"wp-image-22335\"\/><\/figure>\n\n\n\n<h4 class=\"wp-block-heading\">Estudia y gestiona el desarrollo de interfaces tangibles e intangibles que generan una modificaci\u00f3n mutua entre las personas, las relaciones de \u00e9stas con los productos, e incluso entre los mismos objetos. <\/h4>\n\n\n\n<p>Algunas propuestas en el marco de esta \u00e1rea son la investigaci\u00f3n para el dise\u00f1o de un instrumento musical electr\u00f3nico basado en el estudio de la digitaci\u00f3n y los factores ergon\u00f3micos y un dispositivo digital y educativo para el diagn\u00f3stico de da\u00f1os estructurales despu\u00e9s de una emergencia s\u00edsmica.<br><\/p>\n","protected":false},"excerpt":{"rendered":"<p>Estudia y gestiona el desarrollo de interfaces tangibles e intangibles que generan una modificaci\u00f3n mutua entre las personas, las relaciones de \u00e9stas con los productos, e incluso entre los mismos objetos. Algunas propuestas en el marco de esta \u00e1rea son la investigaci\u00f3n para el dise\u00f1o de un instrumento musical electr\u00f3nico basado en el estudio de [&hellip;]<\/p>\n","protected":false},"author":1,"featured_media":22872,"parent":21310,"menu_order":3,"comment_status":"closed","ping_status":"closed","template":"","meta":{"footnotes":""},"class_list":["post-21379","page","type-page","status-publish","has-post-thumbnail","hentry"],"_links":{"self":[{"href":"https:\/\/diseno.uc.cl\/english\/wp-json\/wp\/v2\/pages\/21379","targetHints":{"allow":["GET"]}}],"collection":[{"href":"https:\/\/diseno.uc.cl\/english\/wp-json\/wp\/v2\/pages"}],"about":[{"href":"https:\/\/diseno.uc.cl\/english\/wp-json\/wp\/v2\/types\/page"}],"author":[{"embeddable":true,"href":"https:\/\/diseno.uc.cl\/english\/wp-json\/wp\/v2\/users\/1"}],"replies":[{"embeddable":true,"href":"https:\/\/diseno.uc.cl\/english\/wp-json\/wp\/v2\/comments?post=21379"}],"version-history":[{"count":0,"href":"https:\/\/diseno.uc.cl\/english\/wp-json\/wp\/v2\/pages\/21379\/revisions"}],"up":[{"embeddable":true,"href":"https:\/\/diseno.uc.cl\/english\/wp-json\/wp\/v2\/pages\/21310"}],"wp:featuredmedia":[{"embeddable":true,"href":"https:\/\/diseno.uc.cl\/english\/wp-json\/"}],"wp:attachment":[{"href":"https:\/\/diseno.uc.cl\/english\/wp-json\/wp\/v2\/media?parent=21379"}],"curies":[{"name":"wp","href":"https:\/\/api.w.org\/{rel}","templated":true}]}}