{"id":21377,"date":"2019-06-10T17:44:03","date_gmt":"2019-06-10T21:44:03","guid":{"rendered":"http:\/\/localhost:8888\/wordpress\/?page_id=21377"},"modified":"2019-06-10T17:44:03","modified_gmt":"2019-06-10T21:44:03","slug":"diseno-cultura-y-tecnologias-textiles","status":"publish","type":"page","link":"https:\/\/diseno.uc.cl\/english\/research-development-and-transfer\/rdt-areas\/diseno-cultura-y-tecnologias-textiles\/","title":{"rendered":"Dise\u00f1o sustentable"},"content":{"rendered":"\n<figure class=\"wp-block-image\"><img decoding=\"async\" src=\"https:\/\/diseno.uc.cl\/new\/wp-content\/uploads\/2019\/06\/sustainable-design-strategies-1000x400-992x397.jpg\" alt=\"\" class=\"wp-image-22339\"\/><\/figure>\n\n\n\n<h4 class=\"wp-block-heading\">Especialidad que integra el An\u00e1lisis de Ciclo de Vida (LCA) con el dise\u00f1o ambientalmente responsable en el desarrollo de productos y procesos.<\/h4>\n\n\n\n<p>Desde la perspectiva del dise\u00f1o sustentable y el emprendimiento sostenible se eval\u00faan las operaciones de manufactura y desarrollo de servicios derivados para evitar el impacto negativo en el medioambiente desde su fase inicial de producci\u00f3n hasta su transformaci\u00f3n en desecho. En nuestra Escuela se han realizado proyectos en torno a los aportes del dise\u00f1o para el impacto ambiental de la generaci\u00f3n de residuos.<\/p>\n","protected":false},"excerpt":{"rendered":"<p>Especialidad que integra el An\u00e1lisis de Ciclo de Vida (LCA) con el dise\u00f1o ambientalmente responsable en el desarrollo de productos y procesos. Desde la perspectiva del dise\u00f1o sustentable y el emprendimiento sostenible se eval\u00faan las operaciones de manufactura y desarrollo de servicios derivados para evitar el impacto negativo en el medioambiente desde su fase inicial [&hellip;]<\/p>\n","protected":false},"author":1,"featured_media":22339,"parent":21310,"menu_order":9,"comment_status":"closed","ping_status":"closed","template":"pages-idt.php","meta":{"footnotes":""},"class_list":["post-21377","page","type-page","status-publish","has-post-thumbnail","hentry"],"_links":{"self":[{"href":"https:\/\/diseno.uc.cl\/english\/wp-json\/wp\/v2\/pages\/21377","targetHints":{"allow":["GET"]}}],"collection":[{"href":"https:\/\/diseno.uc.cl\/english\/wp-json\/wp\/v2\/pages"}],"about":[{"href":"https:\/\/diseno.uc.cl\/english\/wp-json\/wp\/v2\/types\/page"}],"author":[{"embeddable":true,"href":"https:\/\/diseno.uc.cl\/english\/wp-json\/wp\/v2\/users\/1"}],"replies":[{"embeddable":true,"href":"https:\/\/diseno.uc.cl\/english\/wp-json\/wp\/v2\/comments?post=21377"}],"version-history":[{"count":0,"href":"https:\/\/diseno.uc.cl\/english\/wp-json\/wp\/v2\/pages\/21377\/revisions"}],"up":[{"embeddable":true,"href":"https:\/\/diseno.uc.cl\/english\/wp-json\/wp\/v2\/pages\/21310"}],"wp:featuredmedia":[{"embeddable":true,"href":"https:\/\/diseno.uc.cl\/english\/wp-json\/"}],"wp:attachment":[{"href":"https:\/\/diseno.uc.cl\/english\/wp-json\/wp\/v2\/media?parent=21377"}],"curies":[{"name":"wp","href":"https:\/\/api.w.org\/{rel}","templated":true}]}}