{"id":21373,"date":"2019-06-10T17:43:30","date_gmt":"2019-06-10T21:43:30","guid":{"rendered":"http:\/\/localhost:8888\/wordpress\/?page_id=21373"},"modified":"2019-06-10T17:43:30","modified_gmt":"2019-06-10T21:43:30","slug":"visualizacion-de-datos","status":"publish","type":"page","link":"https:\/\/diseno.uc.cl\/english\/research-development-and-transfer\/rdt-areas\/visualizacion-de-datos\/","title":{"rendered":"Visualizaci\u00f3n de datos"},"content":{"rendered":"\n<figure class=\"wp-block-image\"><img decoding=\"async\" src=\"https:\/\/diseno.uc.cl\/new\/wp-content\/uploads\/2019\/07\/Captura-de-pantalla-2015-10-08-a-las-10.37.351-979x400.png\" alt=\"\" class=\"wp-image-22888\"\/><\/figure>\n\n\n\n<p>El Grupo de Estudio sobre Visualizaci\u00f3n de Datos es un n\u00facleo investigaci\u00f3n orientado al trabajo transdisciplinar en torno a la visualizaci\u00f3n y an\u00e1lisis de controversias socio-t\u00e9cnicas. La cada vez m\u00e1s intensa proliferaci\u00f3n de controversias y disputas en las que se amalgaman diferentes dimensiones, y la evidente carencia de instrumentos interpretativos y visuales para abordar colectivamente estas disyuntivas, sit\u00faa a este proyecto en un plano de investigaci\u00f3n-acci\u00f3n que puede ser de inter\u00e9s tanto para acad\u00e9micos del mundo de las ciencias sociales y el dise\u00f1o, como para colectivos y organizaciones p\u00fablicas. <\/p>\n\n\n\n<p>Concretamente, este grupo se presenta como un espacio de investigaci\u00f3n experimental, que recoge conceptos de los Estudios de Ciencias y Tecnolog\u00edas (STS) y del Design Antropology, as\u00ed como metodolog\u00edas Dise\u00f1o de Informaci\u00f3n y Dise\u00f1o Especulativo. <\/p>\n","protected":false},"excerpt":{"rendered":"<p>El Grupo de Estudio sobre Visualizaci\u00f3n de Datos es un n\u00facleo investigaci\u00f3n orientado al trabajo transdisciplinar en torno a la visualizaci\u00f3n y an\u00e1lisis de controversias socio-t\u00e9cnicas. La cada vez m\u00e1s intensa proliferaci\u00f3n de controversias y disputas en las que se amalgaman diferentes dimensiones, y la evidente carencia de instrumentos interpretativos y visuales para abordar colectivamente [&hellip;]<\/p>\n","protected":false},"author":1,"featured_media":22888,"parent":21310,"menu_order":15,"comment_status":"closed","ping_status":"closed","template":"pages-idt.php","meta":{"footnotes":""},"class_list":["post-21373","page","type-page","status-publish","has-post-thumbnail","hentry"],"_links":{"self":[{"href":"https:\/\/diseno.uc.cl\/english\/wp-json\/wp\/v2\/pages\/21373","targetHints":{"allow":["GET"]}}],"collection":[{"href":"https:\/\/diseno.uc.cl\/english\/wp-json\/wp\/v2\/pages"}],"about":[{"href":"https:\/\/diseno.uc.cl\/english\/wp-json\/wp\/v2\/types\/page"}],"author":[{"embeddable":true,"href":"https:\/\/diseno.uc.cl\/english\/wp-json\/wp\/v2\/users\/1"}],"replies":[{"embeddable":true,"href":"https:\/\/diseno.uc.cl\/english\/wp-json\/wp\/v2\/comments?post=21373"}],"version-history":[{"count":0,"href":"https:\/\/diseno.uc.cl\/english\/wp-json\/wp\/v2\/pages\/21373\/revisions"}],"up":[{"embeddable":true,"href":"https:\/\/diseno.uc.cl\/english\/wp-json\/wp\/v2\/pages\/21310"}],"wp:featuredmedia":[{"embeddable":true,"href":"https:\/\/diseno.uc.cl\/english\/wp-json\/"}],"wp:attachment":[{"href":"https:\/\/diseno.uc.cl\/english\/wp-json\/wp\/v2\/media?parent=21373"}],"curies":[{"name":"wp","href":"https:\/\/api.w.org\/{rel}","templated":true}]}}