{"id":21371,"date":"2019-06-10T17:43:01","date_gmt":"2019-06-10T21:43:01","guid":{"rendered":"http:\/\/localhost:8888\/wordpress\/?page_id=21371"},"modified":"2019-06-10T17:43:01","modified_gmt":"2019-06-10T21:43:01","slug":"historia-y-cultura-del-diseno","status":"publish","type":"page","link":"https:\/\/diseno.uc.cl\/english\/research-development-and-transfer\/rdt-areas\/historia-y-cultura-del-diseno\/","title":{"rendered":"Historia y cultura del dise\u00f1o"},"content":{"rendered":"\n<figure class=\"wp-block-image\"><img decoding=\"async\" src=\"https:\/\/diseno.uc.cl\/new\/wp-content\/uploads\/2019\/06\/Diseno_historia_cultura_tecnologia_ok-1000x400-992x397.jpg\" alt=\"\" class=\"wp-image-22309\"\/><\/figure>\n\n\n\n<h4 class=\"wp-block-heading\">Esta \u00e1rea apunta a la investigaci\u00f3n y difusi\u00f3n de la historia y la cultura del dise\u00f1o en tanto proceso que implica la configuraci\u00f3n de productos y servicios tangibles e intangibles, vincul\u00e1ndose a fen\u00f3menos sociales y cambios tecnol\u00f3gicos. <\/h4>\n\n\n\n<p>Considera la producci\u00f3n de textos y publicaciones, la catalogaci\u00f3n de archivos, la dataci\u00f3n y documentaci\u00f3n de objetos hist\u00f3ricos y los estudios de historia y servicios de consultor\u00eda para empresas e instituciones. Se trata de una de las \u00e1reas con mayor producci\u00f3n de la Unidad Acad\u00e9mica. Los trabajos realizado en este \u00e1mbito versan sobre temas como la historia del dise\u00f1o gr\u00e1fico, la emergencia de pol\u00edticas sobre dise\u00f1o industrial con apoyo estatal, consumo y tecnolog\u00edas dom\u00e9sticas, historia social de las marcas comerciales, cartelismo y activismo pol\u00edtico, propiedad industrial e inventiva nacional, y recuperaci\u00f3n de la memoria arquitect\u00f3nica.<\/p>\n","protected":false},"excerpt":{"rendered":"<p>Esta \u00e1rea apunta a la investigaci\u00f3n y difusi\u00f3n de la historia y la cultura del dise\u00f1o en tanto proceso que implica la configuraci\u00f3n de productos y servicios tangibles e intangibles, vincul\u00e1ndose a fen\u00f3menos sociales y cambios tecnol\u00f3gicos. Considera la producci\u00f3n de textos y publicaciones, la catalogaci\u00f3n de archivos, la dataci\u00f3n y documentaci\u00f3n de objetos hist\u00f3ricos [&hellip;]<\/p>\n","protected":false},"author":1,"featured_media":22309,"parent":21310,"menu_order":14,"comment_status":"closed","ping_status":"closed","template":"pages-idt.php","meta":{"footnotes":""},"class_list":["post-21371","page","type-page","status-publish","has-post-thumbnail","hentry"],"_links":{"self":[{"href":"https:\/\/diseno.uc.cl\/english\/wp-json\/wp\/v2\/pages\/21371","targetHints":{"allow":["GET"]}}],"collection":[{"href":"https:\/\/diseno.uc.cl\/english\/wp-json\/wp\/v2\/pages"}],"about":[{"href":"https:\/\/diseno.uc.cl\/english\/wp-json\/wp\/v2\/types\/page"}],"author":[{"embeddable":true,"href":"https:\/\/diseno.uc.cl\/english\/wp-json\/wp\/v2\/users\/1"}],"replies":[{"embeddable":true,"href":"https:\/\/diseno.uc.cl\/english\/wp-json\/wp\/v2\/comments?post=21371"}],"version-history":[{"count":0,"href":"https:\/\/diseno.uc.cl\/english\/wp-json\/wp\/v2\/pages\/21371\/revisions"}],"up":[{"embeddable":true,"href":"https:\/\/diseno.uc.cl\/english\/wp-json\/wp\/v2\/pages\/21310"}],"wp:featuredmedia":[{"embeddable":true,"href":"https:\/\/diseno.uc.cl\/english\/wp-json\/"}],"wp:attachment":[{"href":"https:\/\/diseno.uc.cl\/english\/wp-json\/wp\/v2\/media?parent=21371"}],"curies":[{"name":"wp","href":"https:\/\/api.w.org\/{rel}","templated":true}]}}