{"id":21369,"date":"2019-06-10T17:42:43","date_gmt":"2019-06-10T21:42:43","guid":{"rendered":"http:\/\/localhost:8888\/wordpress\/?page_id=21369"},"modified":"2019-06-10T17:42:43","modified_gmt":"2019-06-10T21:42:43","slug":"diseno-de-servicios","status":"publish","type":"page","link":"https:\/\/diseno.uc.cl\/english\/research-development-and-transfer\/rdt-areas\/diseno-de-servicios\/","title":{"rendered":"Dise\u00f1o de servicios"},"content":{"rendered":"\n<figure class=\"wp-block-image\"><img decoding=\"async\" src=\"https:\/\/diseno.uc.cl\/new\/wp-content\/uploads\/2019\/07\/Diseno-servicios-1000x400-992x397.jpg\" alt=\"\" class=\"wp-image-22886\"\/><\/figure>\n\n\n\n<h4 class=\"wp-block-heading\">El dise\u00f1o de servicios planifica y organiza personas, infraestructura, comunicaciones y componentes materiales de un servicio para hacer satisfactoria la interacci\u00f3n entre el usuario y el proveedor de la actividad. <\/h4>\n\n\n\n<p>Proyecta cada uno de los puntos de contacto, entorno y actividades para \u00a0hacer del servicio una experiencia eficiente, \u00fatil, usable, efectiva y deseable. Se trata de una especialidad de orientaci\u00f3n interdisciplinar que se desenvuelve en\u00a0diversas \u00e1reas, tales como la salud, la educaci\u00f3n, el turismo o las pol\u00edticas p\u00fablicas, por mencionar algunos casos.<\/p>\n\n\n\n<p>En la Escuela de Dise\u00f1o UC se han desarrollado consultor\u00edas y proyectos destinados a introducir mejoras en los sistemas de atenci\u00f3n integral del parto de la red p\u00fablica de salud, procedimientos para la medici\u00f3n del impacto de programas sociales, herramientas para la integraci\u00f3n de la poblaci\u00f3n migrante, redise\u00f1o de las oficinas de atenci\u00f3n a turistas del SERNATUR y programas de estimulaci\u00f3n temprana en lactantes y ni\u00f1os con necesidades especiales. Adem\u00e1s, se trabaja en el desarrollo metodol\u00f3gico de la disciplina.<\/p>\n","protected":false},"excerpt":{"rendered":"<p>El dise\u00f1o de servicios planifica y organiza personas, infraestructura, comunicaciones y componentes materiales de un servicio para hacer satisfactoria la interacci\u00f3n entre el usuario y el proveedor de la actividad. Proyecta cada uno de los puntos de contacto, entorno y actividades para \u00a0hacer del servicio una experiencia eficiente, \u00fatil, usable, efectiva y deseable. Se trata [&hellip;]<\/p>\n","protected":false},"author":1,"featured_media":22886,"parent":21310,"menu_order":4,"comment_status":"closed","ping_status":"closed","template":"","meta":{"footnotes":""},"class_list":["post-21369","page","type-page","status-publish","has-post-thumbnail","hentry"],"_links":{"self":[{"href":"https:\/\/diseno.uc.cl\/english\/wp-json\/wp\/v2\/pages\/21369","targetHints":{"allow":["GET"]}}],"collection":[{"href":"https:\/\/diseno.uc.cl\/english\/wp-json\/wp\/v2\/pages"}],"about":[{"href":"https:\/\/diseno.uc.cl\/english\/wp-json\/wp\/v2\/types\/page"}],"author":[{"embeddable":true,"href":"https:\/\/diseno.uc.cl\/english\/wp-json\/wp\/v2\/users\/1"}],"replies":[{"embeddable":true,"href":"https:\/\/diseno.uc.cl\/english\/wp-json\/wp\/v2\/comments?post=21369"}],"version-history":[{"count":0,"href":"https:\/\/diseno.uc.cl\/english\/wp-json\/wp\/v2\/pages\/21369\/revisions"}],"up":[{"embeddable":true,"href":"https:\/\/diseno.uc.cl\/english\/wp-json\/wp\/v2\/pages\/21310"}],"wp:featuredmedia":[{"embeddable":true,"href":"https:\/\/diseno.uc.cl\/english\/wp-json\/"}],"wp:attachment":[{"href":"https:\/\/diseno.uc.cl\/english\/wp-json\/wp\/v2\/media?parent=21369"}],"curies":[{"name":"wp","href":"https:\/\/api.w.org\/{rel}","templated":true}]}}