{"id":21367,"date":"2019-06-10T17:42:25","date_gmt":"2019-06-10T21:42:25","guid":{"rendered":"http:\/\/localhost:8888\/wordpress\/?page_id=21367"},"modified":"2019-06-10T17:42:25","modified_gmt":"2019-06-10T21:42:25","slug":"diseno-grafico-y-comunicacion-visual","status":"publish","type":"page","link":"https:\/\/diseno.uc.cl\/english\/research-development-and-transfer\/rdt-areas\/diseno-grafico-y-comunicacion-visual\/","title":{"rendered":"Dise\u00f1o gr\u00e1fico y comunicaci\u00f3n visual"},"content":{"rendered":"\n<figure class=\"wp-block-image\"><img decoding=\"async\" src=\"https:\/\/diseno.uc.cl\/new\/wp-content\/uploads\/2019\/07\/web_inicio_linea-1000x400-992x397.jpg\" alt=\"\" class=\"wp-image-22884\"\/><\/figure>\n\n\n\n<p>La Escuela de Dise\u00f1o UC est\u00e1 permanentemente generando investigaciones, material y conocimiento a trav\u00e9s de publicaciones impresas y digitales, ya sea en formato de libro, revista, cat\u00e1logo o anuario, destacando la edici\u00f3n de la Revista Dise\u00f1a, iniciativa distinguida con el Premio Altazor que desde 2010 convoca a acad\u00e9micos y profesionales de diversas \u00e1reas del pa\u00eds y el extranjero. <\/p>\n\n\n\n<p>Por otro lado, en esta L\u00ednea se abordan problem\u00e1ticas desde la perspectiva de la usabilidad, la interactividad y los procesos de comunicaci\u00f3n visual a trav\u00e9s de las herramientas que ofrece el Dise\u00f1o de Informaci\u00f3n, cuyo centro de operaciones ha estado vehiculado por el Departamento de Estudios Tipogr\u00e1ficos (<a href=\"http:\/\/www.det.cl\/\">DET<\/a>). Asimismo, la Unidad cuenta con un grupo de docentes que han sido pioneros en la ense\u00f1anza de la tipograf\u00eda y el desarrollo de fuentes tipogr\u00e1ficas digitales, las que han tenido una amplia visibilidad en medios de informaci\u00f3n y plataformas locales e internacionales, caso de proyectos recientes tales como el dise\u00f1o tipogr\u00e1fico para el diario La Tercera, el desarrollo de fuentes digitales y se\u00f1alizaci\u00f3n urbana para el sistema de transportes Transantiago y la normativa gr\u00e1fica para las oficinas de Sernatur. <\/p>\n","protected":false},"excerpt":{"rendered":"<p>La Escuela de Dise\u00f1o UC est\u00e1 permanentemente generando investigaciones, material y conocimiento a trav\u00e9s de publicaciones impresas y digitales, ya sea en formato de libro, revista, cat\u00e1logo o anuario, destacando la edici\u00f3n de la Revista Dise\u00f1a, iniciativa distinguida con el Premio Altazor que desde 2010 convoca a acad\u00e9micos y profesionales de diversas \u00e1reas del pa\u00eds [&hellip;]<\/p>\n","protected":false},"author":1,"featured_media":22884,"parent":21310,"menu_order":6,"comment_status":"closed","ping_status":"closed","template":"","meta":{"footnotes":""},"class_list":["post-21367","page","type-page","status-publish","has-post-thumbnail","hentry"],"_links":{"self":[{"href":"https:\/\/diseno.uc.cl\/english\/wp-json\/wp\/v2\/pages\/21367","targetHints":{"allow":["GET"]}}],"collection":[{"href":"https:\/\/diseno.uc.cl\/english\/wp-json\/wp\/v2\/pages"}],"about":[{"href":"https:\/\/diseno.uc.cl\/english\/wp-json\/wp\/v2\/types\/page"}],"author":[{"embeddable":true,"href":"https:\/\/diseno.uc.cl\/english\/wp-json\/wp\/v2\/users\/1"}],"replies":[{"embeddable":true,"href":"https:\/\/diseno.uc.cl\/english\/wp-json\/wp\/v2\/comments?post=21367"}],"version-history":[{"count":0,"href":"https:\/\/diseno.uc.cl\/english\/wp-json\/wp\/v2\/pages\/21367\/revisions"}],"up":[{"embeddable":true,"href":"https:\/\/diseno.uc.cl\/english\/wp-json\/wp\/v2\/pages\/21310"}],"wp:featuredmedia":[{"embeddable":true,"href":"https:\/\/diseno.uc.cl\/english\/wp-json\/"}],"wp:attachment":[{"href":"https:\/\/diseno.uc.cl\/english\/wp-json\/wp\/v2\/media?parent=21367"}],"curies":[{"name":"wp","href":"https:\/\/api.w.org\/{rel}","templated":true}]}}