{"id":21365,"date":"2019-06-10T17:42:06","date_gmt":"2019-06-10T21:42:06","guid":{"rendered":"http:\/\/localhost:8888\/wordpress\/?page_id=21365"},"modified":"2019-06-10T17:42:06","modified_gmt":"2019-06-10T21:42:06","slug":"diseno-audiovisual-y-nuevos-medios","status":"publish","type":"page","link":"https:\/\/diseno.uc.cl\/english\/research-development-and-transfer\/rdt-areas\/diseno-audiovisual-y-nuevos-medios\/","title":{"rendered":"Dise\u00f1o audiovisual y nuevos medios"},"content":{"rendered":"\n<figure class=\"wp-block-image\"><img decoding=\"async\" src=\"https:\/\/diseno.uc.cl\/new\/wp-content\/uploads\/2019\/07\/curso_online_13-1000x400-992x397.jpg\" alt=\"\" class=\"wp-image-22875\"\/><\/figure>\n\n\n\n<h4 class=\"wp-block-heading\">Esta \u00e1rea aborda aquellos discursos y narrativas articuladas en soportes que t\u00e9cnicamente determinan una temporalidad lineal o secuencial, lo cual incluye desde piezas de documental y ficci\u00f3n, hasta gr\u00e1fica en movimiento. <\/h4>\n\n\n\n<p>M\u00e1s all\u00e1 de su utilizaci\u00f3n como herramienta para la comunicaci\u00f3n de productos y servicios, el \u00e1rea de dise\u00f1o audiovisual y nuevos medios busca dialogar con el entorno y las problem\u00e1ticas sociales, culturales y pol\u00edticas. <\/p>\n\n\n\n<p>Entre los proyectos desarrollados, se destacan el estudio de campo y diagn\u00f3stico del estado del \u00e1rea audiovisual en Dise\u00f1o UC e investigaciones vinculadas a las nuevas formas de representaci\u00f3n del documental contempor\u00e1neo, que hibridan g\u00e9neros documentales. <\/p>\n","protected":false},"excerpt":{"rendered":"<p>Esta \u00e1rea aborda aquellos discursos y narrativas articuladas en soportes que t\u00e9cnicamente determinan una temporalidad lineal o secuencial, lo cual incluye desde piezas de documental y ficci\u00f3n, hasta gr\u00e1fica en movimiento. M\u00e1s all\u00e1 de su utilizaci\u00f3n como herramienta para la comunicaci\u00f3n de productos y servicios, el \u00e1rea de dise\u00f1o audiovisual y nuevos medios busca dialogar [&hellip;]<\/p>\n","protected":false},"author":1,"featured_media":22875,"parent":21310,"menu_order":1,"comment_status":"closed","ping_status":"closed","template":"","meta":{"footnotes":""},"class_list":["post-21365","page","type-page","status-publish","has-post-thumbnail","hentry"],"_links":{"self":[{"href":"https:\/\/diseno.uc.cl\/english\/wp-json\/wp\/v2\/pages\/21365","targetHints":{"allow":["GET"]}}],"collection":[{"href":"https:\/\/diseno.uc.cl\/english\/wp-json\/wp\/v2\/pages"}],"about":[{"href":"https:\/\/diseno.uc.cl\/english\/wp-json\/wp\/v2\/types\/page"}],"author":[{"embeddable":true,"href":"https:\/\/diseno.uc.cl\/english\/wp-json\/wp\/v2\/users\/1"}],"replies":[{"embeddable":true,"href":"https:\/\/diseno.uc.cl\/english\/wp-json\/wp\/v2\/comments?post=21365"}],"version-history":[{"count":0,"href":"https:\/\/diseno.uc.cl\/english\/wp-json\/wp\/v2\/pages\/21365\/revisions"}],"up":[{"embeddable":true,"href":"https:\/\/diseno.uc.cl\/english\/wp-json\/wp\/v2\/pages\/21310"}],"wp:featuredmedia":[{"embeddable":true,"href":"https:\/\/diseno.uc.cl\/english\/wp-json\/"}],"wp:attachment":[{"href":"https:\/\/diseno.uc.cl\/english\/wp-json\/wp\/v2\/media?parent=21365"}],"curies":[{"name":"wp","href":"https:\/\/api.w.org\/{rel}","templated":true}]}}