{"id":21363,"date":"2019-06-10T17:41:45","date_gmt":"2019-06-10T21:41:45","guid":{"rendered":"http:\/\/localhost:8888\/wordpress\/?page_id=21363"},"modified":"2019-06-10T17:41:45","modified_gmt":"2019-06-10T21:41:45","slug":"artesania-uc","status":"publish","type":"page","link":"https:\/\/diseno.uc.cl\/english\/research-development-and-transfer\/rdt-areas\/artesania-uc\/","title":{"rendered":"Artesan\u00eda UC"},"content":{"rendered":"\n<figure class=\"wp-block-image\"><img decoding=\"async\" src=\"https:\/\/diseno.uc.cl\/new\/wp-content\/uploads\/2019\/07\/artesania-992x397.jpg\" alt=\"\" class=\"wp-image-25204\"\/><\/figure>\n\n\n\n<h4 class=\"wp-block-heading\">Esta l\u00ednea buscar rescatar y poner en valor las tradiciones artesanales y la importancia que todas estas expresiones y sus cultores representan para la identidad de los pueblos.<\/h4>\n\n\n\n<p>La relevancia de esta \u00e1rea ha llevado a configurar el Programa de Artesan\u00eda UC, el cual desarrolla actividades de docencia, investigaci\u00f3n y extensi\u00f3n para la promoci\u00f3n de los artesanos y sus oficios, siendo la Muestra de Artesan\u00eda un evento reconocido internacionalmente. Se han desarrollado proyectos en vinculaci\u00f3n con UNESCO, como el Taller Artesan\u00eda y Dise\u00f1o (A+D) que buscaba explorar instancias de colaboraci\u00f3n entre dise\u00f1adores y artesanos. Tambi\u00e9n se ha realizado capacitaci\u00f3n de artesanos para que adquieran herramientas de dise\u00f1o que les permitan potenciar su trabajo y abrir nuevas oportunidades de comercializaci\u00f3n de sus productos. Destacan entre estos proyectos FOSIS para potenciar el emprendimiento de orfebres y telaristas.<\/p>\n","protected":false},"excerpt":{"rendered":"<p>Esta l\u00ednea buscar rescatar y poner en valor las tradiciones artesanales y la importancia que todas estas expresiones y sus cultores representan para la identidad de los pueblos. La relevancia de esta \u00e1rea ha llevado a configurar el Programa de Artesan\u00eda UC, el cual desarrolla actividades de docencia, investigaci\u00f3n y extensi\u00f3n para la promoci\u00f3n de [&hellip;]<\/p>\n","protected":false},"author":1,"featured_media":25204,"parent":21310,"menu_order":0,"comment_status":"closed","ping_status":"closed","template":"","meta":{"footnotes":""},"class_list":["post-21363","page","type-page","status-publish","has-post-thumbnail","hentry"],"_links":{"self":[{"href":"https:\/\/diseno.uc.cl\/english\/wp-json\/wp\/v2\/pages\/21363","targetHints":{"allow":["GET"]}}],"collection":[{"href":"https:\/\/diseno.uc.cl\/english\/wp-json\/wp\/v2\/pages"}],"about":[{"href":"https:\/\/diseno.uc.cl\/english\/wp-json\/wp\/v2\/types\/page"}],"author":[{"embeddable":true,"href":"https:\/\/diseno.uc.cl\/english\/wp-json\/wp\/v2\/users\/1"}],"replies":[{"embeddable":true,"href":"https:\/\/diseno.uc.cl\/english\/wp-json\/wp\/v2\/comments?post=21363"}],"version-history":[{"count":0,"href":"https:\/\/diseno.uc.cl\/english\/wp-json\/wp\/v2\/pages\/21363\/revisions"}],"up":[{"embeddable":true,"href":"https:\/\/diseno.uc.cl\/english\/wp-json\/wp\/v2\/pages\/21310"}],"wp:featuredmedia":[{"embeddable":true,"href":"https:\/\/diseno.uc.cl\/english\/wp-json\/"}],"wp:attachment":[{"href":"https:\/\/diseno.uc.cl\/english\/wp-json\/wp\/v2\/media?parent=21363"}],"curies":[{"name":"wp","href":"https:\/\/api.w.org\/{rel}","templated":true}]}}