{"id":21361,"date":"2019-06-10T17:41:26","date_gmt":"2019-06-10T21:41:26","guid":{"rendered":"http:\/\/localhost:8888\/wordpress\/?page_id=21361"},"modified":"2019-06-10T17:41:26","modified_gmt":"2019-06-10T21:41:26","slug":"diseno-y-ergonomia","status":"publish","type":"page","link":"https:\/\/diseno.uc.cl\/english\/research-development-and-transfer\/rdt-areas\/diseno-y-ergonomia\/","title":{"rendered":"Dise\u00f1o y ergonom\u00eda"},"content":{"rendered":"\n<figure class=\"wp-block-image\"><img decoding=\"async\" src=\"https:\/\/diseno.uc.cl\/new\/wp-content\/uploads\/2019\/07\/Diseno-ergonomia-1000x400-1-992x397.jpg\" alt=\"\" class=\"wp-image-22866\"\/><\/figure>\n\n\n\n<h4 class=\"wp-block-heading\">Busca aportar al mejoramiento de las condiciones del trabajo ejecutado por las personas considerando aspectos antropom\u00e9tricos y las medidas, proporciones y limitaciones del cuerpo humano. <\/h4>\n\n\n\n<p>El confort del usuario en relaci\u00f3n al mundo artificial de los objetos es un aspecto relevante en los procesos de investigaci\u00f3n y desarrollo del dise\u00f1o ergon\u00f3mico. La Escuela de Dise\u00f1o ha venido abordado esta l\u00ednea de investigaci\u00f3n a trav\u00e9s de proyectos interdisciplinarios en torno a la medici\u00f3n antropom\u00e9trica de infantes y de kit antropom\u00e9trico para ni\u00f1os <\/p>\n","protected":false},"excerpt":{"rendered":"<p>Busca aportar al mejoramiento de las condiciones del trabajo ejecutado por las personas considerando aspectos antropom\u00e9tricos y las medidas, proporciones y limitaciones del cuerpo humano. El confort del usuario en relaci\u00f3n al mundo artificial de los objetos es un aspecto relevante en los procesos de investigaci\u00f3n y desarrollo del dise\u00f1o ergon\u00f3mico. La Escuela de Dise\u00f1o [&hellip;]<\/p>\n","protected":false},"author":1,"featured_media":22866,"parent":21310,"menu_order":10,"comment_status":"closed","ping_status":"closed","template":"pages-idt.php","meta":{"footnotes":""},"class_list":["post-21361","page","type-page","status-publish","has-post-thumbnail","hentry"],"_links":{"self":[{"href":"https:\/\/diseno.uc.cl\/english\/wp-json\/wp\/v2\/pages\/21361","targetHints":{"allow":["GET"]}}],"collection":[{"href":"https:\/\/diseno.uc.cl\/english\/wp-json\/wp\/v2\/pages"}],"about":[{"href":"https:\/\/diseno.uc.cl\/english\/wp-json\/wp\/v2\/types\/page"}],"author":[{"embeddable":true,"href":"https:\/\/diseno.uc.cl\/english\/wp-json\/wp\/v2\/users\/1"}],"replies":[{"embeddable":true,"href":"https:\/\/diseno.uc.cl\/english\/wp-json\/wp\/v2\/comments?post=21361"}],"version-history":[{"count":0,"href":"https:\/\/diseno.uc.cl\/english\/wp-json\/wp\/v2\/pages\/21361\/revisions"}],"up":[{"embeddable":true,"href":"https:\/\/diseno.uc.cl\/english\/wp-json\/wp\/v2\/pages\/21310"}],"wp:featuredmedia":[{"embeddable":true,"href":"https:\/\/diseno.uc.cl\/english\/wp-json\/"}],"wp:attachment":[{"href":"https:\/\/diseno.uc.cl\/english\/wp-json\/wp\/v2\/media?parent=21361"}],"curies":[{"name":"wp","href":"https:\/\/api.w.org\/{rel}","templated":true}]}}