{"id":21344,"date":"2019-06-10T17:36:17","date_gmt":"2019-06-10T21:36:17","guid":{"rendered":"http:\/\/localhost:8888\/wordpress\/?page_id=21344"},"modified":"2020-08-27T19:11:46","modified_gmt":"2020-08-27T23:11:46","slug":"courses","status":"publish","type":"page","link":"https:\/\/diseno.uc.cl\/english\/outreach-and-communications\/continuing-education\/courses\/","title":{"rendered":"Courses"},"content":{"rendered":"\n<h4 class=\"wp-block-heading\">Los cursos son programas breves, que entregan herramientas pr\u00e1cticas y concretas para llevar a cabo un proyecto espec\u00edfico de los \u00e1mbitos del Dise\u00f1o<\/h4>\n\n\n\n<p> Dirigidos a todo profesional que requiera aprender una t\u00e9cnica espec\u00edfica promovida desde la disciplina del Dise\u00f1o. Cada curso entrega herramientas pr\u00e1cticas y concreta un proyecto espec\u00edfico de desarrollo, por ejemplo la edici\u00f3n de un libro, la construcci\u00f3n de un mobiliario, etc. <\/p>\n","protected":false},"excerpt":{"rendered":"<p>Los cursos son programas breves, que entregan herramientas pr\u00e1cticas y concretas para llevar a cabo un proyecto espec\u00edfico de los \u00e1mbitos del Dise\u00f1o Dirigidos a todo profesional que requiera aprender una t\u00e9cnica espec\u00edfica promovida desde la disciplina del Dise\u00f1o. Cada curso entrega herramientas pr\u00e1cticas y concreta un proyecto espec\u00edfico de desarrollo, por ejemplo la edici\u00f3n [&hellip;]<\/p>\n","protected":false},"author":1,"featured_media":0,"parent":21215,"menu_order":1,"comment_status":"closed","ping_status":"closed","template":"pages-educacion-continua.php","meta":{"footnotes":""},"class_list":["post-21344","page","type-page","status-publish","hentry"],"_links":{"self":[{"href":"https:\/\/diseno.uc.cl\/english\/wp-json\/wp\/v2\/pages\/21344","targetHints":{"allow":["GET"]}}],"collection":[{"href":"https:\/\/diseno.uc.cl\/english\/wp-json\/wp\/v2\/pages"}],"about":[{"href":"https:\/\/diseno.uc.cl\/english\/wp-json\/wp\/v2\/types\/page"}],"author":[{"embeddable":true,"href":"https:\/\/diseno.uc.cl\/english\/wp-json\/wp\/v2\/users\/1"}],"replies":[{"embeddable":true,"href":"https:\/\/diseno.uc.cl\/english\/wp-json\/wp\/v2\/comments?post=21344"}],"version-history":[{"count":1,"href":"https:\/\/diseno.uc.cl\/english\/wp-json\/wp\/v2\/pages\/21344\/revisions"}],"predecessor-version":[{"id":27539,"href":"https:\/\/diseno.uc.cl\/english\/wp-json\/wp\/v2\/pages\/21344\/revisions\/27539"}],"up":[{"embeddable":true,"href":"https:\/\/diseno.uc.cl\/english\/wp-json\/wp\/v2\/pages\/21215"}],"wp:attachment":[{"href":"https:\/\/diseno.uc.cl\/english\/wp-json\/wp\/v2\/media?parent=21344"}],"curies":[{"name":"wp","href":"https:\/\/api.w.org\/{rel}","templated":true}]}}