{"id":21342,"date":"2019-06-10T17:35:50","date_gmt":"2019-06-10T21:35:50","guid":{"rendered":"http:\/\/localhost:8888\/wordpress\/?page_id=21342"},"modified":"2020-08-27T19:11:24","modified_gmt":"2020-08-27T23:11:24","slug":"diplomas","status":"publish","type":"page","link":"https:\/\/diseno.uc.cl\/english\/outreach-and-communications\/continuing-education\/diplomas\/","title":{"rendered":"Diplomas"},"content":{"rendered":"\n<h4 class=\"wp-block-heading\">Los diplomados son programas de especializaci\u00f3n, actualizaci\u00f3n y profundizaci\u00f3n de competencias en Dise\u00f1o.<\/h4>\n\n\n\n<p> Los diplomados de la Escuela de Dise\u00f1o UC, tienen una duraci\u00f3n m\u00ednima de 100 horas, y puedes postular a ellos hasta 2 d\u00edas antes de su inicio.<\/p>\n","protected":false},"excerpt":{"rendered":"<p>Los diplomados son programas de especializaci\u00f3n, actualizaci\u00f3n y profundizaci\u00f3n de competencias en Dise\u00f1o. Los diplomados de la Escuela de Dise\u00f1o UC, tienen una duraci\u00f3n m\u00ednima de 100 horas, y puedes postular a ellos hasta 2 d\u00edas antes de su inicio.<\/p>\n","protected":false},"author":1,"featured_media":0,"parent":21215,"menu_order":0,"comment_status":"closed","ping_status":"closed","template":"pages-educacion-continua.php","meta":{"footnotes":""},"class_list":["post-21342","page","type-page","status-publish","hentry"],"_links":{"self":[{"href":"https:\/\/diseno.uc.cl\/english\/wp-json\/wp\/v2\/pages\/21342","targetHints":{"allow":["GET"]}}],"collection":[{"href":"https:\/\/diseno.uc.cl\/english\/wp-json\/wp\/v2\/pages"}],"about":[{"href":"https:\/\/diseno.uc.cl\/english\/wp-json\/wp\/v2\/types\/page"}],"author":[{"embeddable":true,"href":"https:\/\/diseno.uc.cl\/english\/wp-json\/wp\/v2\/users\/1"}],"replies":[{"embeddable":true,"href":"https:\/\/diseno.uc.cl\/english\/wp-json\/wp\/v2\/comments?post=21342"}],"version-history":[{"count":1,"href":"https:\/\/diseno.uc.cl\/english\/wp-json\/wp\/v2\/pages\/21342\/revisions"}],"predecessor-version":[{"id":27538,"href":"https:\/\/diseno.uc.cl\/english\/wp-json\/wp\/v2\/pages\/21342\/revisions\/27538"}],"up":[{"embeddable":true,"href":"https:\/\/diseno.uc.cl\/english\/wp-json\/wp\/v2\/pages\/21215"}],"wp:attachment":[{"href":"https:\/\/diseno.uc.cl\/english\/wp-json\/wp\/v2\/media?parent=21342"}],"curies":[{"name":"wp","href":"https:\/\/api.w.org\/{rel}","templated":true}]}}